{"id":7405,"date":"2026-04-09T10:42:36","date_gmt":"2026-04-09T10:42:36","guid":{"rendered":"https:\/\/congresos-seacv.com\/?page_id=7405"},"modified":"2026-04-09T10:45:29","modified_gmt":"2026-04-09T10:45:29","slug":"curso-taller-practico-simuvasc","status":"publish","type":"page","link":"https:\/\/congresos-seacv.com\/?page_id=7405","title":{"rendered":"\u00a0Curso taller-pr\u00e1ctico SimuVasc\u00a0"},"content":{"rendered":"<div class=\"wp-block-image\">\n<figure class=\"alignleft size-large\"><img loading=\"lazy\" decoding=\"async\" width=\"1024\" height=\"694\" src=\"https:\/\/congresos-seacv.com\/wp-content\/uploads\/2026\/04\/CURSO-TALLER-PRACTICO-SIMUVASC-SEACV-DR-1024x694.jpg\" alt=\"\" class=\"wp-image-7409\" srcset=\"https:\/\/congresos-seacv.com\/wp-content\/uploads\/2026\/04\/CURSO-TALLER-PRACTICO-SIMUVASC-SEACV-DR-1024x694.jpg 1024w, https:\/\/congresos-seacv.com\/wp-content\/uploads\/2026\/04\/CURSO-TALLER-PRACTICO-SIMUVASC-SEACV-DR-300x203.jpg 300w, https:\/\/congresos-seacv.com\/wp-content\/uploads\/2026\/04\/CURSO-TALLER-PRACTICO-SIMUVASC-SEACV-DR-768x521.jpg 768w, https:\/\/congresos-seacv.com\/wp-content\/uploads\/2026\/04\/CURSO-TALLER-PRACTICO-SIMUVASC-SEACV-DR-1536x1041.jpg 1536w, https:\/\/congresos-seacv.com\/wp-content\/uploads\/2026\/04\/CURSO-TALLER-PRACTICO-SIMUVASC-SEACV-DR-2048x1388.jpg 2048w\" sizes=\"auto, (max-width: 1024px) 100vw, 1024px\" \/><\/figure>\n<\/div>\n\n\n<p><strong>Plazas disponibles: <\/strong>16<br><strong>Fecha l\u00edmite de inscripci\u00f3n:<\/strong> 18 de mayo de 2026<br>Inscr\u00edbete <a href=\"https:\/\/forms.gle\/hwXCuArBnvswXCsWA\">AQU\u00cd<\/a><\/p>\n","protected":false},"excerpt":{"rendered":"<p>Plazas disponibles: 16Fecha l\u00edmite de inscripci\u00f3n: 18 de mayo de 2026Inscr\u00edbete AQU\u00cd<\/p>\n","protected":false},"author":1,"featured_media":0,"parent":0,"menu_order":0,"comment_status":"closed","ping_status":"closed","template":"","meta":{"footnotes":""},"class_list":["post-7405","page","type-page","status-publish","hentry"],"_links":{"self":[{"href":"https:\/\/congresos-seacv.com\/index.php?rest_route=\/wp\/v2\/pages\/7405","targetHints":{"allow":["GET"]}}],"collection":[{"href":"https:\/\/congresos-seacv.com\/index.php?rest_route=\/wp\/v2\/pages"}],"about":[{"href":"https:\/\/congresos-seacv.com\/index.php?rest_route=\/wp\/v2\/types\/page"}],"author":[{"embeddable":true,"href":"https:\/\/congresos-seacv.com\/index.php?rest_route=\/wp\/v2\/users\/1"}],"replies":[{"embeddable":true,"href":"https:\/\/congresos-seacv.com\/index.php?rest_route=%2Fwp%2Fv2%2Fcomments&post=7405"}],"version-history":[{"count":2,"href":"https:\/\/congresos-seacv.com\/index.php?rest_route=\/wp\/v2\/pages\/7405\/revisions"}],"predecessor-version":[{"id":7410,"href":"https:\/\/congresos-seacv.com\/index.php?rest_route=\/wp\/v2\/pages\/7405\/revisions\/7410"}],"wp:attachment":[{"href":"https:\/\/congresos-seacv.com\/index.php?rest_route=%2Fwp%2Fv2%2Fmedia&parent=7405"}],"curies":[{"name":"wp","href":"https:\/\/api.w.org\/{rel}","templated":true}]}}