{"id":3682,"date":"2023-04-13T12:12:34","date_gmt":"2023-04-13T12:12:34","guid":{"rendered":"https:\/\/congresos-seacv.com\/?page_id=3682"},"modified":"2023-05-17T06:59:11","modified_gmt":"2023-05-17T06:59:11","slug":"cursos-oficiales-2023","status":"publish","type":"page","link":"https:\/\/congresos-seacv.com\/?page_id=3682","title":{"rendered":"Cursos oficiales 2023"},"content":{"rendered":"\n<h2 class=\"wp-block-heading\">Cursos talleres<\/h2>\n\n\n\n<p><strong><mark style=\"background-color:rgba(0, 0, 0, 0);color:#2973a7\" class=\"has-inline-color\">Martes 23 de mayo | 15:00 &#8211; 17:00h<\/mark><\/strong><br><strong>Resoluci\u00f3n de Casos Cl\u00ednicos en Angiolog\u00eda y Cirug\u00eda Vascular<\/strong><br>Curso interactivo destinado preferentemente a residentes y adjuntos j\u00f3venes<br><em><a rel=\"noreferrer noopener\" href=\"https:\/\/congresos-seacv.com\/wp-content\/uploads\/2023\/04\/programas_resol_casos.pdf\" target=\"_blank\">Descargar programa<\/a><\/em><br>Gratuito<br>M\u00e1ximo 15 alumnos<br><strong><mark style=\"background-color:rgba(0, 0, 0, 0)\" class=\"has-inline-color has-colibri-color-2-color\">CURSO COMPLETO<\/mark><\/strong><\/p>\n\n\n\n<p><\/p>\n\n\n\n<p><strong><mark style=\"background-color:rgba(0, 0, 0, 0);color:#2973a7\" class=\"has-inline-color\">Mi\u00e9rcoles 24 de mayo | 15:30 &#8211; 17:30h<\/mark><\/strong><br><strong>Curso-Taller: Actualizaci\u00f3n en el uso de dispositivos endovasculares: Branch iliaco y t\u00e9cnica CERAB<\/strong><br><em><a rel=\"noreferrer noopener\" href=\"https:\/\/congresos-seacv.com\/wp-content\/uploads\/2023\/04\/programas_actualizacion.pdf\" target=\"_blank\">Descargar programa<\/a><\/em><br>Gratuito<br>M\u00e1ximo 12 alumnos<br><strong><mark style=\"background-color:rgba(0, 0, 0, 0)\" class=\"has-inline-color has-colibri-color-2-color\">CURSO COMPLETO<\/mark><\/strong><\/p>\n\n\n\n<p><\/p>\n\n\n\n<p><strong><mark style=\"background-color:rgba(0, 0, 0, 0);color:#2973a7\" class=\"has-inline-color\">Jueves 25 de mayo | 12:00 &#8211; 14:00h<\/mark><\/strong><br><strong>Curso de cirug\u00eda a\u00f3rtica abierta<\/strong><br>Curso-taller pr\u00e1ctico con simuladores de aorta abdominal para el perfeccionamiento de habilidades t\u00e9cnicas y ampliaci\u00f3n de conocimiento en su manejo<br><em><a rel=\"noreferrer noopener\" href=\"https:\/\/congresos-seacv.com\/wp-content\/uploads\/2023\/04\/programas_cirugia.pdf\" target=\"_blank\">Descargar programa<\/a><\/em><br>Precio por alumno: 30\u20ac<br>M\u00e1ximo 16 alumnos<br><strong><mark style=\"background-color:rgba(0, 0, 0, 0)\" class=\"has-inline-color has-colibri-color-2-color\">CURSO COMPLETO<\/mark><\/strong><br><\/p>\n\n\n\n<p><\/p>\n\n\n\n<hr class=\"wp-block-separator has-alpha-channel-opacity is-style-wide\"\/>\n\n\n\n<h2 class=\"wp-block-heading\">Concurso<\/h2>\n\n\n\n<div class=\"wp-block-columns is-layout-flex wp-container-core-columns-is-layout-9d6595d7 wp-block-columns-is-layout-flex\">\n<div class=\"wp-block-column is-layout-flow wp-block-column-is-layout-flow\" style=\"flex-basis:33.33%\">\n<figure class=\"wp-block-image size-large\"><img loading=\"lazy\" decoding=\"async\" width=\"1024\" height=\"713\" src=\"https:\/\/congresos-seacv.com\/wp-content\/uploads\/2023\/04\/Captura-de-pantalla-2023-04-13-a-les-9.36.40-1024x713.png\" alt=\"\" class=\"wp-image-3683\" srcset=\"https:\/\/congresos-seacv.com\/wp-content\/uploads\/2023\/04\/Captura-de-pantalla-2023-04-13-a-les-9.36.40-1024x713.png 1024w, https:\/\/congresos-seacv.com\/wp-content\/uploads\/2023\/04\/Captura-de-pantalla-2023-04-13-a-les-9.36.40-300x209.png 300w, https:\/\/congresos-seacv.com\/wp-content\/uploads\/2023\/04\/Captura-de-pantalla-2023-04-13-a-les-9.36.40-768x535.png 768w, https:\/\/congresos-seacv.com\/wp-content\/uploads\/2023\/04\/Captura-de-pantalla-2023-04-13-a-les-9.36.40-1536x1069.png 1536w, https:\/\/congresos-seacv.com\/wp-content\/uploads\/2023\/04\/Captura-de-pantalla-2023-04-13-a-les-9.36.40-2048x1426.png 2048w\" sizes=\"auto, (max-width: 1024px) 100vw, 1024px\" \/><\/figure>\n<\/div>\n\n\n\n<div class=\"wp-block-column is-layout-flow wp-block-column-is-layout-flow\" style=\"flex-basis:66.66%\">\n<p><strong><mark style=\"background-color:rgba(0, 0, 0, 0);color:#2973a7\" class=\"has-inline-color\">Jueves 25 de mayo | Todo el d\u00eda<\/mark><\/strong><br><strong>European Training Contest<\/strong><br>Este concurso se desarrollar\u00e1 con modelos de SimuVasc en la Hospitality Suite de LeMaitre en la Sala Albor\u00e1n<br><em><a rel=\"noreferrer noopener\" href=\"https:\/\/congresos-seacv.com\/wp-content\/uploads\/2023\/04\/european-trainee-contest-v.2.pdf\" target=\"_blank\">Descargar programa<\/a><\/em><br>Gratuito<br>M\u00e1ximo 24 alumnos<br><strong><mark style=\"background-color:rgba(0, 0, 0, 0)\" class=\"has-inline-color has-colibri-color-2-color\">INSCRIPCI\u00d3N CERRADA<\/mark><\/strong><\/p>\n<\/div>\n<\/div>\n","protected":false},"excerpt":{"rendered":"<p>Cursos talleres Martes 23 de mayo | 15:00 &#8211; 17:00hResoluci\u00f3n de Casos Cl\u00ednicos en Angiolog\u00eda y Cirug\u00eda VascularCurso interactivo destinado preferentemente a residentes y adjuntos j\u00f3venesDescargar programaGratuitoM\u00e1ximo 15 alumnosCURSO COMPLETO Mi\u00e9rcoles 24 de mayo | 15:30 &#8211; 17:30hCurso-Taller: Actualizaci\u00f3n en el uso de dispositivos endovasculares: Branch iliaco y t\u00e9cnica CERABDescargar programaGratuitoM\u00e1ximo 12 alumnosCURSO COMPLETO Jueves [&hellip;]<\/p>\n","protected":false},"author":1,"featured_media":0,"parent":0,"menu_order":0,"comment_status":"closed","ping_status":"closed","template":"","meta":{"footnotes":""},"class_list":["post-3682","page","type-page","status-publish","hentry"],"_links":{"self":[{"href":"https:\/\/congresos-seacv.com\/index.php?rest_route=\/wp\/v2\/pages\/3682","targetHints":{"allow":["GET"]}}],"collection":[{"href":"https:\/\/congresos-seacv.com\/index.php?rest_route=\/wp\/v2\/pages"}],"about":[{"href":"https:\/\/congresos-seacv.com\/index.php?rest_route=\/wp\/v2\/types\/page"}],"author":[{"embeddable":true,"href":"https:\/\/congresos-seacv.com\/index.php?rest_route=\/wp\/v2\/users\/1"}],"replies":[{"embeddable":true,"href":"https:\/\/congresos-seacv.com\/index.php?rest_route=%2Fwp%2Fv2%2Fcomments&post=3682"}],"version-history":[{"count":3,"href":"https:\/\/congresos-seacv.com\/index.php?rest_route=\/wp\/v2\/pages\/3682\/revisions"}],"predecessor-version":[{"id":3850,"href":"https:\/\/congresos-seacv.com\/index.php?rest_route=\/wp\/v2\/pages\/3682\/revisions\/3850"}],"wp:attachment":[{"href":"https:\/\/congresos-seacv.com\/index.php?rest_route=%2Fwp%2Fv2%2Fmedia&parent=3682"}],"curies":[{"name":"wp","href":"https:\/\/api.w.org\/{rel}","templated":true}]}}