{"id":348,"date":"2021-03-29T08:12:21","date_gmt":"2021-03-29T08:12:21","guid":{"rendered":"https:\/\/congresos-seacv.com\/?page_id=348"},"modified":"2026-03-12T10:20:41","modified_gmt":"2026-03-12T10:20:41","slug":"normas-para-la-preparacion-de-los-resumenes-de-comunicaciones-orales-y-paneles","status":"publish","type":"page","link":"https:\/\/congresos-seacv.com\/?page_id=348","title":{"rendered":"COMUNICACIONES ORALES Y PANELES"},"content":{"rendered":"\n<figure class=\"wp-block-table aligncenter is-style-regular\"><table class=\"has-background\" style=\"background-color:#e7f5fe\"><thead><tr><th class=\"has-text-align-center\" data-align=\"center\">FECHAS A RECORDAR<\/th><\/tr><\/thead><tbody><tr><td class=\"has-text-align-center\" data-align=\"center\">APERTURA DEL GESTOR DE COMUNICACIONES: <strong>22 de diciembre 2025<\/strong><\/td><\/tr><tr><td class=\"has-text-align-center\" data-align=\"center\">CIERRE DEL GESTOR DE COMUNICACIONES: <strong>15 de febrero 2026<\/strong><\/td><\/tr><\/tbody><\/table><\/figure>\n\n\n\n<div class=\"wp-block-buttons is-layout-flex wp-block-buttons-is-layout-flex\">\n<div class=\"wp-block-button\"><a class=\"wp-block-button__link wp-element-button\" href=\"https:\/\/emma.events\/seacv2026\" target=\"_blank\" rel=\"noreferrer noopener\">ACCESO AL GESTOR<\/a><\/div>\n<\/div>\n\n\n\n<hr class=\"wp-block-separator has-alpha-channel-opacity\"\/>\n\n\n\n<figure class=\"wp-block-table is-style-stripes\"><table><tbody><tr><td><strong>NORMAS PARA LA PREPARACI\u00d3N DE LOS RES\u00daMENES<\/strong> <strong>DE COMUNICACIONES ORALES Y PANELES<\/strong><br>\u00a0<br><strong>01.<\/strong> Las aportaciones cient\u00edficas se remitir\u00e1n exclusivamente v\u00eda web a trav\u00e9s del enlace que existir\u00e1 al efecto en la p\u00e1gina web del Congreso (www.congresos-seacv.com)<br><br><strong>02.<\/strong> Durante el proceso de remisi\u00f3n de la aportaci\u00f3n v\u00eda web, el autor elegir\u00e1 si opta a oral o panel (poster) aunque el Comit\u00e9 Cient\u00edfico se reserva la posibilidad de aceptar el resumen para presentaci\u00f3n en un formato diferente al preferido, si lo considera m\u00e1s apropiado.<br>Asimismo, el autor podr\u00e1 remitir el trabajo al \u00e1rea de conocimiento que considere m\u00e1s adecuada:<br> \u2022 Troncos supraa\u00f3rticos<br> \u2022 Sector femoro-popl\u00edteo y distal<br> \u2022 Sector aorto-il\u00edaco<br> \u2022 Flebolog\u00eda<br> \u2022 Miscel\u00e1nea<br><br>El autor deber\u00e1 indicar el tipo de estudio que sustenta la comunicaci\u00f3n que presenta diferenciando\u00a0entre:<br> \u2022 Metaan\u00e1lisis\u00a0y\u00a0revisiones\u00a0sistem\u00e1ticas.<br> \u2022 Ensayo\u00a0cl\u00ednico\u00a0y\u00a0otros\u00a0estudios\u00a0experimentales\u00a0puros.<br> \u2022 Ensayo\u00a0cl\u00ednico\u00a0no\u00a0aleatorio\u00a0y\u00a0otros\u00a0cuasi\u00a0experimentales.<br> \u2022 Estudio\u00a0de\u00a0cohortes\u00a0(prospectivo\u00a0e\u00a0hist\u00f3rico).<br> \u2022 Casos\u00a0y\u00a0controles.<br> \u2022 Estudios\u00a0observacionales\u00a0descriptivos:\u00a0transversales\u00a0y\u00a0series\u00a0de\u00a0casos.\u00a0Incluye\u00a0las\u00a0revisiones\u00a0de\u00a0la literatura que a\u00f1aden una serie corta de pacientes por parte del autor que env\u00eda la comunicaci\u00f3n.<br><br>El Comit\u00e9 Cient\u00edfico se reserva el derecho de reubicar la aportaci\u00f3n si as\u00ed lo considera oportuno. Una vez enviada la comunicaci\u00f3n al gestor, no cabr\u00e1 modificaci\u00f3n a la opci\u00f3n escogida por parte del autor.<br><br><strong>03.<\/strong> Se recomienda que la redacci\u00f3n del resumen de la aportaci\u00f3n se efect\u00fae <em>in situ <\/em>en la p\u00e1gina ad hoc del sistema web, y no utilizando la opci\u00f3n copiar\/pegar del sistema operativo del ordenador desde donde se remita.<br><br><strong>04.<\/strong> El resumen de la comunicaci\u00f3n o del panel deber\u00e1 redactarse de forma estructurada e incluir obligatoriamente:<br> \u2022 Objetivos<br> \u2022 Material<br> \u2022 Metodolog\u00eda<br> \u2022 Resultados<br> \u2022 Conclusiones<br><br><strong>05.<\/strong> El resumen no podr\u00e1 exceder, exceptuando el T\u00edtulo, de 350 palabras.<br><br><strong>06.<\/strong> Los res\u00famenes que incluyan datos identificativos del centro de origen del trabajo presentado quedar\u00e1n autom\u00e1ticamente descalificados del proceso de selecci\u00f3n.<br><br><strong>07. <\/strong>Por lo menos uno de los autores y firmantes deber\u00e1 ser socio de la SEACVE.<br><br><strong>08.<\/strong> Se recomienda no sobrepasar un n\u00famero m\u00e1ximo de 6 firmantes para todas las comunicaciones y paneles.<br><br><strong>09.<\/strong> La apertura del gestor ser\u00e1 el 22 de diciembre de 2025 y el cierre, el 15 de febrero de 2026 a las 23:59 h.<br><br><strong>10.<\/strong> El primer firmante de cualquier comunicaci\u00f3n oral o panel aceptado deber\u00e1 estar necesariamente inscrito en el Congreso.<\/td><\/tr><\/tbody><\/table><\/figure>\n\n\n\n<div class=\"wp-block-buttons is-layout-flex wp-block-buttons-is-layout-flex\"><\/div>\n","protected":false},"excerpt":{"rendered":"<p>FECHAS A RECORDAR APERTURA DEL GESTOR DE COMUNICACIONES: 22 de diciembre 2025 CIERRE DEL GESTOR DE COMUNICACIONES: 15 de febrero 2026 NORMAS PARA LA PREPARACI\u00d3N DE LOS RES\u00daMENES DE COMUNICACIONES ORALES Y PANELES\u00a001. Las aportaciones cient\u00edficas se remitir\u00e1n exclusivamente v\u00eda web a trav\u00e9s del enlace que existir\u00e1 al efecto en la p\u00e1gina web del Congreso [&hellip;]<\/p>\n","protected":false},"author":1,"featured_media":0,"parent":0,"menu_order":0,"comment_status":"closed","ping_status":"closed","template":"","meta":{"footnotes":""},"class_list":["post-348","page","type-page","status-publish","hentry"],"_links":{"self":[{"href":"https:\/\/congresos-seacv.com\/index.php?rest_route=\/wp\/v2\/pages\/348","targetHints":{"allow":["GET"]}}],"collection":[{"href":"https:\/\/congresos-seacv.com\/index.php?rest_route=\/wp\/v2\/pages"}],"about":[{"href":"https:\/\/congresos-seacv.com\/index.php?rest_route=\/wp\/v2\/types\/page"}],"author":[{"embeddable":true,"href":"https:\/\/congresos-seacv.com\/index.php?rest_route=\/wp\/v2\/users\/1"}],"replies":[{"embeddable":true,"href":"https:\/\/congresos-seacv.com\/index.php?rest_route=%2Fwp%2Fv2%2Fcomments&post=348"}],"version-history":[{"count":3,"href":"https:\/\/congresos-seacv.com\/index.php?rest_route=\/wp\/v2\/pages\/348\/revisions"}],"predecessor-version":[{"id":7376,"href":"https:\/\/congresos-seacv.com\/index.php?rest_route=\/wp\/v2\/pages\/348\/revisions\/7376"}],"wp:attachment":[{"href":"https:\/\/congresos-seacv.com\/index.php?rest_route=%2Fwp%2Fv2%2Fmedia&parent=348"}],"curies":[{"name":"wp","href":"https:\/\/api.w.org\/{rel}","templated":true}]}}